{"id":147,"date":"2012-12-11T09:20:49","date_gmt":"2012-12-11T08:20:49","guid":{"rendered":"http:\/\/www.adishat.fr\/maquettecdfsgt65\/?page_id=147"},"modified":"2016-11-30T11:26:14","modified_gmt":"2016-11-30T10:26:14","slug":"organisation","status":"publish","type":"page","link":"https:\/\/www.fsgt65.org\/?page_id=147","title":{"rendered":"Fonctionnement"},"content":{"rendered":"<h2><span style=\"color: #0000ff;\">Le comit\u00e9 d\u00e9partemental<\/span><\/h2>\n<p>Il est constitu\u00e9 de l\u2019ensemble des clubs affili\u00e9s \u00e0 la FSGT du d\u00e9partement. Le comit\u00e9 d\u00e9partemental fonctionne en relation avec les structures r\u00e9gionales et nationales, sans relation hi\u00e9rarchique, sur la base de d\u00e9cisions prises en commun.<\/p>\n<h2 align=\"justify\"><span style=\"color: #0000ff;\">Les commissions sportives<\/span><\/h2>\n<p align=\"justify\">D\u00e8s qu\u2019 une discipline est pratiqu\u00e9e par plusieurs clubs, une commission sportive est cr\u00e9\u00e9e au sein du comit\u00e9. Le fonctionnement de l\u2019activit\u00e9 est&nbsp;autonome. Chaque commission est repr\u00e9sent\u00e9e au Bureau du Comit\u00e9 D\u00e9partemental. Elles peuvent participer \u00e0 l\u2019activit\u00e9 des commissions nationales de l\u2019activit\u00e9 sportive concern\u00e9e.<\/p>\n<h2><span style=\"color: #0000ff;\">Vie et choix du comit\u00e9 d\u00e9partemental<\/span><\/h2>\n<p>Comme l\u2019ensemble de la FSGT, le comit\u00e9 65 a fait le choix du b\u00e9n\u00e9volat. Tout b\u00e9n\u00e9vole qui le d\u00e9sire a sa place pour \u0153uvrer au d\u00e9veloppement de nos pratiques et de nos valeurs \u00e9ducatives. De l\u2019entreprise aux quartiers et villages, tous peuvent venir construire leur pratique \u00e0 la FSGT.<br \/>\nEn d\u00e9veloppement constant, le comit\u00e9 65 s\u2019engage pour une pratique du SPORT AUTREMENT.<\/p>\n<h2><span style=\"color: #0000ff;\">Les associations<\/span><\/h2>\n<p>Le comit\u00e9 est compos\u00e9 des associations affili\u00e9es, clubs locaux, clubs d\u2019entreprises ou simples associations de copains.<a href=\"http:\/\/www.fsgt65.org\/?page_id=325\">Voir les associations affili\u00e9es<\/a><\/p>\n<h2><span style=\"color: #0000ff;\">Les licenci\u00e9s<\/span><\/h2>\n<p>L\u2019adh\u00e9sion individuelle se fait au travers d\u2019une prise de licence au sein d\u2019un club d\u00fbment affili\u00e9 \u00e0 la FSGT. Le comit\u00e9 compte aujourd\u2019hui <strong>plus de 1500 licenci\u00e9s<\/strong>.<\/p>\n<h2><span style=\"color: #0000ff;\">L&rsquo;assembl\u00e9e g\u00e9n\u00e9rale<\/span><\/h2>\n<p>L\u2019assembl\u00e9e g\u00e9n\u00e9rale est l\u2019instance souveraine charg\u00e9e de la d\u00e9finition de la politique g\u00e9n\u00e9rale du comit\u00e9. Elle valide les rapports d\u2019activit\u00e9 et financier, vote les orientations, le budget. Elle \u00e9lit parmi ses membres un Bureau Ex\u00e9cutif pour assurer la gestion courante.<\/p>\n<p>Le comit\u00e9 r\u00e9unit ses associations membres en Assembl\u00e9e G\u00e9n\u00e9rale annuelle. Les repr\u00e9sentants des associations membres doivent eux-m\u00eames \u00eatre licenci\u00e9s FSGT. L\u2019assembl\u00e9e comprend une partie institutionnelle (rapports, bilans, votes, etc.) et une partie de travaux th\u00e9matiques o\u00f9 chacun peut s\u2019exprimer, s\u2019impliquer et contribuer au d\u00e9veloppement de nouveaux projets. Elle est finalement close par un repas convivial entre b\u00e9n\u00e9voles.<\/p>\n<hr id=\"system-readmore\"\/>\n<h2><span style=\"color: #0000ff;\">Le bureau<\/span><\/h2>\n<p><span style=\"color: #000000;\"><span style=\"font-family: arial,helvetica,sans-serif;\">Le Bureau est un organe restreint ayant pour fonction d\u2019assurer la gestion courante du comit\u00e9 et sa repr\u00e9sentation dans le cadre de la politique g\u00e9n\u00e9rale d\u00e9finie par l\u2019Assembl\u00e9e G\u00e9n\u00e9rale. Actuellement, il comprend&nbsp;: <\/span><\/span><\/p>\n<p><strong>Co-Pr\u00e9sidents<\/strong> : WOUSSEN G\u00e9rard&nbsp;et DELGADO Michelle<\/p>\n<p style=\"text-align: left;\" align=\"center\"><span style=\"color: #000000;\"><span style=\"font-family: arial,helvetica,sans-serif;\"><strong>Secr\u00e9taire<\/strong>&nbsp;:&nbsp;AMANS Bruno<\/span><\/span><\/p>\n<p style=\"text-align: left;\" align=\"center\"><span style=\"color: #000000;\"><span style=\"font-family: arial,helvetica,sans-serif;\"><strong>Tr\u00e9sorier<\/strong>&nbsp;: DELGADO&nbsp;Bernard<\/span><\/span><\/p>\n<p style=\"text-align: left;\" align=\"center\"><span style=\"color: #000000;\"><span style=\"font-family: arial,helvetica,sans-serif;\"><strong>Tr\u00e9soriers Adjoints<\/strong> :FOURQUET Christian ( Ski Alpin)<br \/>\n<\/span><\/span><\/p>\n<p style=\"text-align: left;\" align=\"center\"><span style=\"color: #000000;\"><span style=\"font-family: arial,helvetica,sans-serif;\"><strong>Les membres du bureau<\/strong> : TORRES G\u00e9rard, MIRAVETTE Jean Pierre<br \/>\n<\/span><\/span><\/p>\n","protected":false},"excerpt":{"rendered":"<p>Le comit\u00e9 d\u00e9partemental Il est constitu\u00e9 de l\u2019ensemble des clubs affili\u00e9s \u00e0 la FSGT du d\u00e9partement. Le comit\u00e9 d\u00e9partemental fonctionne en relation avec les structures r\u00e9gionales et nationales, sans relation <a class=\"more-link\" href=\"https:\/\/www.fsgt65.org\/?page_id=147\">Lire la suite \u2192<\/a><\/p>\n","protected":false},"author":4,"featured_media":0,"parent":68,"menu_order":0,"comment_status":"closed","ping_status":"closed","template":"","meta":{"ngg_post_thumbnail":0},"_links":{"self":[{"href":"https:\/\/www.fsgt65.org\/index.php?rest_route=\/wp\/v2\/pages\/147"}],"collection":[{"href":"https:\/\/www.fsgt65.org\/index.php?rest_route=\/wp\/v2\/pages"}],"about":[{"href":"https:\/\/www.fsgt65.org\/index.php?rest_route=\/wp\/v2\/types\/page"}],"author":[{"embeddable":true,"href":"https:\/\/www.fsgt65.org\/index.php?rest_route=\/wp\/v2\/users\/4"}],"replies":[{"embeddable":true,"href":"https:\/\/www.fsgt65.org\/index.php?rest_route=%2Fwp%2Fv2%2Fcomments&post=147"}],"version-history":[{"count":20,"href":"https:\/\/www.fsgt65.org\/index.php?rest_route=\/wp\/v2\/pages\/147\/revisions"}],"predecessor-version":[{"id":1607,"href":"https:\/\/www.fsgt65.org\/index.php?rest_route=\/wp\/v2\/pages\/147\/revisions\/1607"}],"up":[{"embeddable":true,"href":"https:\/\/www.fsgt65.org\/index.php?rest_route=\/wp\/v2\/pages\/68"}],"wp:attachment":[{"href":"https:\/\/www.fsgt65.org\/index.php?rest_route=%2Fwp%2Fv2%2Fmedia&parent=147"}],"curies":[{"name":"wp","href":"https:\/\/api.w.org\/{rel}","templated":true}]}}