{"id":1483,"date":"2014-08-11T20:27:09","date_gmt":"2014-08-11T18:27:09","guid":{"rendered":"http:\/\/www.fsgt65.org\/?page_id=1483"},"modified":"2020-04-04T09:14:17","modified_gmt":"2020-04-04T08:14:17","slug":"les-licences-2014-2015","status":"publish","type":"page","link":"https:\/\/www.fsgt65.org\/?page_id=1483","title":{"rendered":"Tarifs des licences 2019\/2020"},"content":{"rendered":"<h2 align=\"justify\"><strong>La licence annuelle omnisports<br \/>\n<\/strong><\/h2>\n<p><strong>Pour un club affili\u00e9s<\/strong><\/p>\n<ul>\n<li><strong>Adulte (n\u00e9 en 2001 et avant) : 36.00\u20ac<\/strong><\/li>\n<li><strong>Jeune (n\u00e9 entre 2002 et 2004) : 30.00\u20ac<\/strong><\/li>\n<li><strong>Enfant (n\u00e9 en 2006 et apr\u00e8s) : 22.00\u20ac<\/strong><\/li>\n<\/ul>\n<p>&nbsp;<\/p>\n<p><strong>Pour une pratique individuelle ajouter 3 \u20ac pour l&rsquo;adh\u00e9sion au club du comit\u00e9<\/strong><\/p>\n<p align=\"justify\"><span style=\"color: #000000;\"><br \/>\n<\/span><span style=\"color: #000000;\"><strong>Elle permet de pratiquer toutes les activit\u00e9s propos\u00e9es par la FSGT<\/strong>, comp\u00e9titives ou non comp\u00e9titives, r\u00e9guli\u00e8rement ou occasionnellement, que ce soit des sports collectifs ou individuels.<br \/>\nPour l&rsquo;adh\u00e9sion, il faut remplir le bordereau, que vous trouverez dans nos locaux, qui recensent tous les adh\u00e9rents du club.<br \/>\nPour les clubs d\u00e9j\u00e0 affili\u00e9s, une mise \u00e0 jour du bordereau de l&rsquo;ann\u00e9e ant\u00e9rieure suffira.<br \/>\nEn fonction des&nbsp;sports pratiqu\u00e9s, la licence fonctionne en ann\u00e9e civile ou sportive.<br \/>\n<\/span><span style=\"color: #000000;\">Cette licence est nationale et omnisports.&nbsp;<\/span><\/p>\n<p align=\"justify\"><span style=\"color: #000000;\">&nbsp;<\/span><\/p>\n<div align=\"justify\">\n<hr id=\"system-readmore\"\/>\n<\/div>\n<h2 align=\"justify\"><strong>La licence familiale<\/strong><\/h2>\n<p>&nbsp;<\/p>\n<p align=\"justify\"><span style=\"color: #000000;\">Cette licence est propos\u00e9e quand les parents sont animateurs de l\u2019activit\u00e9 de leurs enfants. Une convention peut \u00eatre sign\u00e9e entre le club, le comit\u00e9 et la f\u00e9d\u00e9ration. Le co\u00fbt de la licence familiale omnisports est fonction du nombre de personnes dans la famille. <\/span><span style=\"color: #000000;\">Les licences propos\u00e9es par la FSGT comprennent une assurance couvrant la majeure partie des sports, qu\u2019ils soient pratiqu\u00e9s en comp\u00e9tition, \u00e0 l\u2019entra\u00eenement ou en loisir. <\/span><span style=\"color: #000000;\">Les licences individuelles ou familiales peuvent \u00eatre d\u00e9livr\u00e9es pour la <strong>saison sportive<\/strong> (du 1er septembre au 31 ao\u00fbt) ou pour l\u2019<strong>ann\u00e9e civile<\/strong> (du 1er janvier au 31 d\u00e9cembre). <\/span><\/p>\n<h3>&nbsp;<\/h3>\n<h2><strong>Cartes assurance temporaire (accueil et d\u00e9couverte)<\/strong><\/h2>\n<ul>\n<li><strong>Carte Initiative populaire : 8.00\u20ac<\/strong><\/li>\n<li><strong>4 mois tous sport (enfant n\u00e9 en 2006 et apr\u00e8s) : 14.00\u20ac<\/strong><\/li>\n<li><strong>4 mois tous sport (jeune n\u00e9 entre 2002 et 2005) :17.00\u20ac<\/strong><\/li>\n<li><strong>4 mois tous sport ( adulte n\u00e9 en 2001 et avant ) : 20.00\u20ac<\/strong><\/li>\n<\/ul>\n<h2><strong>L\u2019assurance Responsabilit\u00e9 Civile souscrite avec la licence<\/strong><\/h2>\n<p><strong>Elle couvre&nbsp;:<\/strong><\/p>\n<ul>\n<li><span style=\"color: #000000;\">L\u2019assurance accident individuel<\/span><\/li>\n<li><span style=\"color: #000000;\">Le rapatriement (proc\u00e9dure \u00e0 respecter)<\/span><\/li>\n<li><span style=\"color: #000000;\">La pratique \u00e0 l\u2019\u00e9tranger (90 jours cons\u00e9cutifs maximum)<\/span><\/li>\n<li><span style=\"color: #000000;\">Les d\u00e9placements n\u00e9cessaires au d\u00e9roulement de l\u2019activit\u00e9<\/span><\/li>\n<li><span style=\"color: #000000;\">La pratique FSGT et dans les autres f\u00e9d\u00e9rations.<\/span><\/li>\n<\/ul>\n","protected":false},"excerpt":{"rendered":"<p>La licence annuelle omnisports Pour un club affili\u00e9s Adulte (n\u00e9 en 2001 et avant) : 36.00\u20ac Jeune (n\u00e9 entre 2002 et 2004) : 30.00\u20ac Enfant (n\u00e9 en 2006 et apr\u00e8s) <a class=\"more-link\" href=\"https:\/\/www.fsgt65.org\/?page_id=1483\">Lire la suite \u2192<\/a><\/p>\n","protected":false},"author":21,"featured_media":0,"parent":0,"menu_order":0,"comment_status":"closed","ping_status":"closed","template":"","meta":{"ngg_post_thumbnail":0},"_links":{"self":[{"href":"https:\/\/www.fsgt65.org\/index.php?rest_route=\/wp\/v2\/pages\/1483"}],"collection":[{"href":"https:\/\/www.fsgt65.org\/index.php?rest_route=\/wp\/v2\/pages"}],"about":[{"href":"https:\/\/www.fsgt65.org\/index.php?rest_route=\/wp\/v2\/types\/page"}],"author":[{"embeddable":true,"href":"https:\/\/www.fsgt65.org\/index.php?rest_route=\/wp\/v2\/users\/21"}],"replies":[{"embeddable":true,"href":"https:\/\/www.fsgt65.org\/index.php?rest_route=%2Fwp%2Fv2%2Fcomments&post=1483"}],"version-history":[{"count":6,"href":"https:\/\/www.fsgt65.org\/index.php?rest_route=\/wp\/v2\/pages\/1483\/revisions"}],"predecessor-version":[{"id":2704,"href":"https:\/\/www.fsgt65.org\/index.php?rest_route=\/wp\/v2\/pages\/1483\/revisions\/2704"}],"wp:attachment":[{"href":"https:\/\/www.fsgt65.org\/index.php?rest_route=%2Fwp%2Fv2%2Fmedia&parent=1483"}],"curies":[{"name":"wp","href":"https:\/\/api.w.org\/{rel}","templated":true}]}}