{"id":167,"date":"2012-11-11T13:49:05","date_gmt":"2012-11-11T13:49:05","guid":{"rendered":"http:\/\/www.adishat.fr\/maquettecdfsgt65\/?page_id=167"},"modified":"2016-11-12T10:17:46","modified_gmt":"2016-11-12T09:17:46","slug":"boite-a-outils","status":"publish","type":"page","link":"https:\/\/www.fsgt65.org\/?page_id=167","title":{"rendered":"Bo\u00eete \u00e0 outils"},"content":{"rendered":"<h4>Guide de cr\u00e9ation d\u2019une association Loi 1901<\/h4>\n<div class=\"su-spoiler su-spoiler-style-default su-spoiler-icon-plus su-spoiler-closed\" data-scroll-offset=\"0\" data-anchor-in-url=\"no\"><div class=\"su-spoiler-title\" tabindex=\"0\" role=\"button\"><span class=\"su-spoiler-icon\"><\/span>En savoir plus<\/div><div class=\"su-spoiler-content su-u-clearfix su-u-trim\"><\/p>\n<p>Afin de cr\u00e9er un nouveau club sous la forme d\u2019une association loi 1901 \u00e0 but non lucratif, il faut :<\/p>\n<ol>\n<li>Etablir les statuts<\/li>\n<li>\n<div align=\"justify\">\n<h4>R\u00e9aliser les formalit\u00e9s de d\u00e9claration de l\u2019association<\/h4>\n<\/div>\n<\/li>\n<\/ol>\n<h5 align=\"justify\">Quelles sont les formalit\u00e9s de d\u00e9claration&nbsp;?<\/h5>\n<p align=\"justify\">L\u2019association doit proc\u00e9der&nbsp;:<\/p>\n<ul>\n<li>\n<div align=\"justify\">\n<p>\u00e0 sa d\u00e9claration en pr\u00e9fecture. Cette derni\u00e8re lui d\u00e9livrera alors un r\u00e9c\u00e9piss\u00e9.<\/p>\n<\/div>\n<\/li>\n<li>\n<div align=\"justify\">\n<p>\u00e0 une insertion au Journal officiel d\u2019un extrait de cette d\u00e9claration, sur production de ce r\u00e9c\u00e9piss\u00e9.<\/p>\n<\/div>\n<\/li>\n<\/ul>\n<p align=\"justify\">Ce sont en g\u00e9n\u00e9ral les Dirigeants de l\u2019association qui proc\u00e8dent \u00e0 la D\u00e9claration. Celle-ci est faite \u00e0 la Pr\u00e9fecture ou sous-pr\u00e9fecture correspondant au si\u00e8ge social de l\u2019association<\/p>\n<div align=\"justify\">La d\u00e9claration<\/div>\n<p>D\u00e9poser ou exp\u00e9dier \u00e0&nbsp;:<\/p>\n<p>Pr\u00e9fecture des Hautes-Pyr\u00e9n\u00e9es<br \/>\nPlace Charles-de-Gaulle<br \/>\nBP 1350<br \/>\n65013 TARBES CEDEX<br \/>\nT\u00e9l. 05 62 56 65 65<br \/>\nFax. 05 62 51 20 10<\/p>\n<ol>\n<li>\n<div align=\"justify\"><strong>Une lettre sur papier libre dat\u00e9e et sign\u00e9e<\/strong> par tous les membres du bureau de l\u2019association et mentionnant&nbsp;:<\/div>\n<blockquote>\n<p align=\"justify\">&#8211; le titre exact de l\u2019association<\/p>\n<p align=\"justify\">&#8211; l\u2019objet de l\u2019association<\/p>\n<p align=\"justify\">&#8211; l\u2019adresse du si\u00e8ge social<\/p>\n<p align=\"justify\">&#8211; le num\u00e9ro de t\u00e9l\u00e9phone du responsable de l\u2019association<\/p>\n<p align=\"justify\">&#8211; la liste des personnes charg\u00e9es \u00e0 un titre quelconque de son administration en pr\u00e9cisant pour chacune d\u2019elles&nbsp;:<\/p>\n<ol>\n<li>\n<p align=\"justify\">nom, pr\u00e9nom,<\/p>\n<\/li>\n<li>\n<p align=\"justify\">nom de jeune fille, s\u2019il y a lieu,<\/p>\n<\/li>\n<li>\n<p align=\"justify\">nationalit\u00e9,<\/p>\n<\/li>\n<li>\n<p align=\"justify\">domicile complet,<\/p>\n<\/li>\n<li>\n<p align=\"justify\">profession<\/p>\n<\/li>\n<li>\n<p align=\"justify\">fonction dans l\u2019association.<\/p>\n<\/li>\n<\/ol>\n<\/blockquote>\n<\/li>\n<li>\n<p align=\"justify\"><strong>Un exemplaire des statuts, sur papier libre, dat\u00e9 et sign\u00e9 <\/strong>par un membre du bureau (voir <a title=\"Mod\u00e8le de statut\" href=\"http:\/\/www.fsgt65.org\/.%5Cimages%5Cboite_a_outils%5Cmodele_statut.pdf\" target=\"_blank\">mod\u00e8le de statut<\/a>).<\/p>\n<\/li>\n<li>\n<p align=\"justify\"><strong>Le formulaire destin\u00e9 \u00e0 la publication au journal Officiel<\/strong>, \u00e0 joindre dans son int\u00e9gralit\u00e9. A noter que pour obtenir la capacit\u00e9 juridique, toute d\u00e9claration d\u2019association doit faire l\u2019objet d\u2019une insertion au Journal Officiel.<\/p>\n<\/li>\n<li>\n<p align=\"justify\"><strong>Une attestation justifiant l\u2019\u00e9tablissement du si\u00e8ge social<\/strong> (<a title=\"Attestation de dommiciliation\" href=\"http:\/\/www.fsgt65.org\/.%5Cimages%5Cboite_a_outils%5Cattestation_domiciliation.pdf\" target=\"_blank\">accord \u00e9crit du propri\u00e9taire, du locataire ou du responsable des lieux<\/a>, ou copie du bail \u00e9tabli au nom de l\u2019association, s\u2019il y a lieu).<\/p>\n<\/li>\n<li>\n<div align=\"justify\">Les unions ou f\u00e9d\u00e9rations d\u2019associations doivent faire conna\u00eetre, quant \u00e0 elles, le titre, l\u2019objet et l\u2019adresse de leurs filiales ou sections ainsi que le nom de leur repr\u00e9sentant.<\/div>\n<\/li>\n<\/ol>\n<p align=\"justify\"><strong>RECAPITULATIF&nbsp; DES DOCUMENTS A FOURNIR&nbsp;:<\/strong><\/p>\n<p>+ Imprim\u00e9 de cr\u00e9ation de l\u2019association (\u00e0 retirer en Mairie). Voir <a title=\"D\u00e9claration de cr\u00e9ation d'une association\" href=\"http:\/\/www.fsgt65.org\/.%5Cimages%5Cboite_a_outils%5CDeclarationCreationAsso.pdf\" target=\"_blank\">mod\u00e8le de d\u00e9claration d&rsquo;une association<\/a>.<br \/>\n+ Deux exemplaires des statuts sur papier libre, dat\u00e9s et sign\u00e9s par au moins deux des membres du bureau<br \/>\n+ Le formulaire de demande d\u2019insertion au Journal Officiel rempli et sign\u00e9 par le d\u00e9clarant (\u00e0 demander \u00e0 la Pr\u00e9fecture)<br \/>\n+ Une attestation justifiant l\u2019\u00e9tablissement du si\u00e8ge social<br \/>\n+ Une enveloppe \u00e0 l\u2019adresse du correspondant<br \/>\n+ 2 timbres<\/p>\n<p>Cr\u00e9ation d&rsquo;une association :<\/p>\n<ul>\n<li><a title=\"Formulaire de d\u00e9claration\" href=\"http:\/\/www.fsgt65.org\/images\/boite_a_outils\/asso\/DeclarationCreationAsso.pdf\" target=\"_blank\">Formulaire de d\u00e9claration de cr\u00e9ation d&rsquo;une association<\/a><\/li>\n<li><a title=\"Lettre au pr\u00e9fet de d\u00e9claration initiale\" href=\"http:\/\/www.fsgt65.org\/images\/boite_a_outils\/asso\/lettre_prefet_declaration_initiale.pdf\" target=\"_blank\">Lettre au pr\u00e9fet de d\u00e9claration initiale<\/a><\/li>\n<li><a title=\"Mod\u00e8le de statut\" href=\"http:\/\/www.fsgt65.org\/images\/boite_a_outils\/asso\/modele_statut.pdf\" target=\"_blank\">Mod\u00e8le de statut<\/a><\/li>\n<li><a title=\"Attestation de domiciliation\" href=\"http:\/\/www.fsgt65.org\/images\/boite_a_outils\/asso\/attestation_domiciliation.pdf\" target=\"_blank\">Attestation de domiciliation<\/a><\/li>\n<li><a title=\"Texte Loi 1901\" href=\"http:\/\/www.fsgt65.org\/images\/boite_a_outils\/asso\/texteLoi1901.pdf\" target=\"_blank\">Texte Loi 1901<\/a><\/li>\n<\/ul>\n<p><\/div><\/div>\n<h4>Comment \u00e9tablir les statuts<\/h4>\n<div class=\"su-spoiler su-spoiler-style-default su-spoiler-icon-plus su-spoiler-closed\" data-scroll-offset=\"0\" data-anchor-in-url=\"no\"><div class=\"su-spoiler-title\" tabindex=\"0\" role=\"button\"><span class=\"su-spoiler-icon\"><\/span>En savoir plus<\/div><div class=\"su-spoiler-content su-u-clearfix su-u-trim\"><\/p>\n<p align=\"justify\">La r\u00e9daction des statuts est libre mais demande une v\u00e9ritable concertation des membres fondateurs. En effet, m\u00eame si la loi pr\u00e9voit pour les associations une grande marge de man\u0153uvre, il est important d\u2019\u00e9tablir les statuts en fonction de l\u2019activit\u00e9, de les rendre aptes \u00e0 r\u00e9gler les \u00e9ventuels litiges entre membres et de les faire \u00e9voluer dans le temps.<\/p>\n<p>De plus, il est pr\u00e9f\u00e9rable de pr\u00e9voir une certaine souplesse dans les statuts et pr\u00e9ciser les points manquants dans le r\u00e8glement int\u00e9rieur.<\/p>\n<div align=\"justify\">Dans les statuts, il convient de renseigner&nbsp;:<\/div>\n<ol>\n<li>\n<div align=\"justify\">le nom et le sigle de l\u2019association<\/div>\n<\/li>\n<li>\n<div align=\"justify\">\n<p>l\u2019objet de l\u2019association<\/p>\n<\/div>\n<\/li>\n<li>\n<div align=\"justify\">\n<p>les moyens d\u2019action pour r\u00e9aliser l\u2019objet social<\/p>\n<\/div>\n<\/li>\n<li>\n<div align=\"justify\">\n<p>la dur\u00e9e d\u2019action de l\u2019association (illimit\u00e9e, limit\u00e9e ou pour une t\u00e2che pr\u00e9cise)<\/p>\n<\/div>\n<\/li>\n<li>\n<div align=\"justify\">\n<p>les ressources de l\u2019association<\/p>\n<\/div>\n<\/li>\n<li>\n<div align=\"justify\">\n<p>la perte de qualit\u00e9 de membre<\/p>\n<\/div>\n<\/li>\n<li>\n<div align=\"justify\">\n<p>les administrateurs (modalit\u00e9s de d\u00e9signation, dur\u00e9e des fonctions, mode de remplacement)<\/p>\n<\/div>\n<\/li>\n<li>\n<div align=\"justify\">\n<p>les assembl\u00e9es (modalit\u00e9s de r\u00e9unions, pouvoirs)<\/p>\n<\/div>\n<\/li>\n<li>\n<div align=\"justify\">\n<p>les modalit\u00e9s de repr\u00e9sentation de l\u2019association en justice<\/p>\n<\/div>\n<\/li>\n<li>\n<div align=\"justify\">\n<p>les conditions de modifications statutaires et des r\u00e8gles de dissolution<\/p>\n<\/div>\n<\/li>\n<\/ol>\n<p align=\"justify\"><strong>Documents \u00e0 t\u00e9l\u00e9charger :<\/strong><\/p>\n<p align=\"justify\">&#8211; <a title=\"Mod\u00e8le de statut\" href=\"http:\/\/www.fsgt65.org\/.%5Cimages%5Cboite_a_outils%5Casso%5Cmodele_statut.pdf\" target=\"_blank\">mod\u00e8les de statuts<\/a><\/p>\n<p>&#8211; <a title=\"D\u00e9claration initiale\" href=\"http:\/\/www.fsgt65.org\/.%5Cimages%5Cboite_a_outils%5Casso%5Clettre_prefet_declaration_initiale.pdf\" target=\"_blank\">D\u00e9claration initiales adress\u00e9e \u00e0 la Pr\u00e9fecture<\/a><br \/>\n&#8211; <a title=\"Attestation de domicialiation et d'autorisation de si\u00e8ge\" href=\"http:\/\/www.fsgt65.org\/.%5Cimages%5Cboite_a_outils%5Casso%5Cattestation_domiciliation.pdf\" target=\"_blank\">Attestation de domiciliation et d\u2019autorisation de si\u00e8ge<\/a><\/p>\n<p><\/div><\/div>\n<h4>Modification statutaire d\u2019une association<\/h4>\n<div class=\"su-spoiler su-spoiler-style-default su-spoiler-icon-plus su-spoiler-closed\" data-scroll-offset=\"0\" data-anchor-in-url=\"no\"><div class=\"su-spoiler-title\" tabindex=\"0\" role=\"button\"><span class=\"su-spoiler-icon\"><\/span>En savoir plus<\/div><div class=\"su-spoiler-content su-u-clearfix su-u-trim\"><\/p>\n<h5 align=\"justify\">Formalit\u00e9s \u00e0 remplir<\/h5>\n<p align=\"justify\">Les associations sont tenues de faire conna\u00eetre, dans les trois mois, tous changements survenus dans leur administration ainsi que toutes les modifications apport\u00e9es \u00e0 leurs statuts.<\/p>\n<p>&nbsp;<\/p>\n<p align=\"justify\">La loi exige que ces modifications soient transcrites sur un registre sp\u00e9cial \u00e0 feuillets num\u00e9rot\u00e9s, paraph\u00e9 par le pr\u00e9sident ou son d\u00e9l\u00e9gu\u00e9. La date des r\u00e9c\u00e9piss\u00e9s relatifs \u00e0 ces changements doit \u00eatre mentionn\u00e9e sur ce registre.<\/p>\n<p>Le registre des modifications doit \u00eatre conserv\u00e9 au si\u00e8ge social.<\/p>\n<div align=\"justify\">\n<hr>\n<\/div>\n<ol>\n<li>\n<div align=\"justify\"><strong>MODIFICATION DE STATUTS (d\u00e9poser ou envoyer)<br \/>\n<\/strong>&#8211; une d\u00e9claration dat\u00e9e et sign\u00e9e en original par un membre du bureau pr\u00e9cisant la date de la r\u00e9union ou de l&rsquo;assembl\u00e9e ayant d\u00e9cid\u00e9 la ou les modifications des statuts<br \/>\n&#8211; un exemplaire dat\u00e9 et sign\u00e9 en original par un membre du bureau, du ou des article(s) modifi\u00e9(s) dans leur int\u00e9gralit\u00e9<br \/>\n&#8211; en cas de changements multiples dans la r\u00e9daction des statuts, fournir une nouvelle r\u00e9daction compl\u00e8te de ceux-ci (un exemplaire dat\u00e9 et sign\u00e9 en original par un membre du bureau).<\/div>\n<\/li>\n<\/ol>\n<ul>\n<li>\n<div align=\"justify\"><strong>MODIFICATION DE L&rsquo;OBJET OU ADDITIF \u00c0 L&rsquo;OBJET (d\u00e9poser ou envoyer) :<\/strong><br \/>\n&#8211; une d\u00e9claration dat\u00e9e et sign\u00e9e en original par un membre du bureau, pr\u00e9cisant la date de la r\u00e9union ou de l&rsquo;assembl\u00e9e ayant d\u00e9cid\u00e9 la modification ou l&rsquo;additif \u00e0 l&rsquo;objet<br \/>\n&#8211; un exemplaire dat\u00e9 et sign\u00e9 en original par un membre du bureau, de l&rsquo;article des statuts relatif au nouvel objet, r\u00e9dig\u00e9 dans son int\u00e9gralit\u00e9<br \/>\n&#8211; un formulaire destin\u00e9 \u00e0 la publication au Journal Officiel, rempli dans son int\u00e9gralit\u00e9 ( voir co\u00fbt et modalit\u00e9 de paiement ).<\/div>\n<\/li>\n<\/ul>\n<ul>\n<li>\n<div align=\"justify\"><strong>MODIFICATION DU BUREAU OU \/ ET DU CONSEIL D&rsquo;ADMINISTRATION (d\u00e9poser ou envoyer) :<br \/>\n<\/strong>&#8211; une d\u00e9claration dat\u00e9e et sign\u00e9e en original par un membre du nouveau bureau, indiquant la liste compl\u00e8te des dirigeants du groupement et pr\u00e9cisant pour chacun d&rsquo;entre eux :<\/p>\n<blockquote><p>Nom, pr\u00e9nom ;<br \/>\nNom de jeune fille, s&rsquo;il y a lieu ;<br \/>\nNationalit\u00e9 ;<br \/>\nAdresse personnelle ;<br \/>\nProfession ;<br \/>\nFonction dans l&rsquo;association.<\/p><\/blockquote>\n<\/div>\n<\/li>\n<li>\n<div align=\"justify\">&nbsp;<strong>MODIFICATION DE TITRE ET \/ OU DE SI\u00c8GE SOCIAL (d\u00e9poser ou envoyer)<\/strong><br \/>\n&#8211; une d\u00e9claration dat\u00e9e et sign\u00e9e en original par un membre du bureau, pr\u00e9cisant la date de la r\u00e9union ou de l&rsquo;assembl\u00e9e ayant d\u00e9cid\u00e9 la ou les modification(s) et indiquant le nouveau titre et\/ou le nouveau si\u00e8ge social de l&rsquo;association<br \/>\n&#8211; le formulaire destin\u00e9 \u00e0 la publication au Journal Officiel (voir co\u00fbt et modalit\u00e9s de paiement)<br \/>\n&#8211; en cas de changement de si\u00e8ge social, fournir une attestation justifiant la nouvelle domiciliation (accord \u00e9crit du propri\u00e9taire, locataire ou du responsable des lieux, ou copie du bail \u00e9tabli au nom de l&rsquo;association). &nbsp;ATTENTION Si le si\u00e8ge social est transf\u00e9r\u00e9 dans un autre d\u00e9partement, la d\u00e9claration de transfert sera effectu\u00e9e \u00e0 la pr\u00e9fecture ou \u00e0 la sous-pr\u00e9fecture dont rel\u00e8ve le nouveau si\u00e8ge.<\/div>\n<\/li>\n<li>\n<div align=\"justify\"><strong>DISSOLUTION (d\u00e9poser ou envoyer) :<br \/>\n<\/strong>&#8211; une d\u00e9claration sur papier libre dat\u00e9e et sign\u00e9e en original par plusieurs membres du bureau<br \/>\n&#8211; la copie du proc\u00e8s-verbal de l&rsquo;assembl\u00e9e ayant vot\u00e9 la dissolution<br \/>\n&#8211; le formulaire destin\u00e9 \u00e0 la publication au Journal Officiel (publication gratuite et facultative). Dans l&rsquo;hypoth\u00e8se o\u00f9 vous ne souhaiteriez pas que la dissolution de votre association soit publi\u00e9e, veuillez le pr\u00e9ciser express\u00e9ment dans votre d\u00e9claration.<\/div>\n<\/li>\n<\/ul>\n<p><\/div><\/div>\n","protected":false},"excerpt":{"rendered":"<p>Guide de cr\u00e9ation d\u2019une association Loi 1901 Comment \u00e9tablir les statuts Modification statutaire d\u2019une association<\/p>\n","protected":false},"author":4,"featured_media":0,"parent":0,"menu_order":0,"comment_status":"closed","ping_status":"closed","template":"","meta":{"ngg_post_thumbnail":0},"_links":{"self":[{"href":"https:\/\/www.fsgt65.org\/index.php?rest_route=\/wp\/v2\/pages\/167"}],"collection":[{"href":"https:\/\/www.fsgt65.org\/index.php?rest_route=\/wp\/v2\/pages"}],"about":[{"href":"https:\/\/www.fsgt65.org\/index.php?rest_route=\/wp\/v2\/types\/page"}],"author":[{"embeddable":true,"href":"https:\/\/www.fsgt65.org\/index.php?rest_route=\/wp\/v2\/users\/4"}],"replies":[{"embeddable":true,"href":"https:\/\/www.fsgt65.org\/index.php?rest_route=%2Fwp%2Fv2%2Fcomments&post=167"}],"version-history":[{"count":10,"href":"https:\/\/www.fsgt65.org\/index.php?rest_route=\/wp\/v2\/pages\/167\/revisions"}],"predecessor-version":[{"id":1563,"href":"https:\/\/www.fsgt65.org\/index.php?rest_route=\/wp\/v2\/pages\/167\/revisions\/1563"}],"wp:attachment":[{"href":"https:\/\/www.fsgt65.org\/index.php?rest_route=%2Fwp%2Fv2%2Fmedia&parent=167"}],"curies":[{"name":"wp","href":"https:\/\/api.w.org\/{rel}","templated":true}]}}