{"id":192,"date":"2012-11-11T14:16:16","date_gmt":"2012-11-11T14:16:16","guid":{"rendered":"http:\/\/www.adishat.fr\/maquettecdfsgt65\/?page_id=192"},"modified":"2012-11-11T14:16:16","modified_gmt":"2012-11-11T14:16:16","slug":"la-formation","status":"publish","type":"page","link":"https:\/\/www.fsgt65.org\/?page_id=192","title":{"rendered":"La Formation"},"content":{"rendered":"<p align=\"justify\"><strong>1. La FSGT <span style=\"color: #379ddf;\">reconna\u00eet<\/span> et fait la promotion des <span style=\"color: #379ddf;\">formations acquises par l&rsquo;exp\u00e9rience<\/span> dans le cadre de l&rsquo;exercice b\u00e9n\u00e9vole d&rsquo;une activit\u00e9 d&rsquo;animation.<\/strong><\/p>\n<p align=\"justify\">2. La FSGT <span style=\"color: #379ddf;\">organise des cursus de formation<\/span> afin de permettre une plus grande rapidit\u00e9 et efficacit\u00e9 dans l&rsquo;acc\u00e8s aux comp\u00e9tences<\/p>\n<p align=\"justify\">3. La FSGT <span style=\"color: #379ddf;\">int\u00e8gre la s\u00e9curit\u00e9 des pratiquants et des tiers<\/span> dans les conditions p\u00e9dagogiques de la pratique quel que soit l&rsquo;environnement, stable ou sp\u00e9cifique, de cette pratique.<\/p>\n<hr id=\"system-readmore\" \/>\n<p align=\"justify\">En effet, <span style=\"color: #379ddf;\">l&rsquo;article 45 de la loi 2000<\/span> stipule :<\/p>\n<p align=\"justify\">\u00ab\u00a0Les f\u00e9d\u00e9rations sportives agr\u00e9\u00e9es assurent la formation et le perfectionnement de leurs cadres. Elles peuvent b\u00e9n\u00e9ficier \u00e0 cet effet de l&rsquo;aide des \u00e9tablissements publics de formation mentionn\u00e9s \u00e0 l&rsquo;article 46. Lorsqu&rsquo;ils concernent les fonctions exerc\u00e9es contre r\u00e9mun\u00e9ration, les dipl\u00f4mes qu&rsquo;elles d\u00e9livrent r\u00e9pondent aux conditions pr\u00e9vues par l&rsquo;article 43. Les dipl\u00f4mes concernant l&rsquo;exercice d&rsquo;une activit\u00e9 \u00e0 titre b\u00e9n\u00e9vole, dans le cadre de structures ne poursuivant pas de buts lucratifs, peuvent \u00eatre soit \u00e0 l&rsquo;issue d&rsquo;une formation, soit par validation des exp\u00e9riences acquises.\u00a0\u00bb<\/p>\n<p align=\"justify\">Cet article offre la possibilit\u00e9 d&rsquo;une <span style=\"color: #379ddf;\">reconnaissance explicite\u00a0de l&rsquo;animation b\u00e9n\u00e9vole<\/span>. Il responsabilise les f\u00e9d\u00e9rations agr\u00e9\u00e9es dans la d\u00e9livrance des qualifications. Il ouvre la possibilit\u00e9 de qualification en r\u00e9f\u00e9rence \u00e0 la <span style=\"color: #379ddf;\">validation des acquis de l&rsquo;exp\u00e9rience<\/span> (r\u00e9f\u00e9rence \u00e0 la loi de Modernisation Sociale de 2002).<\/p>\n<p align=\"justify\"><strong>Le Brevet F\u00e9d\u00e9ral de l&rsquo;Animation \u00e0 options<\/strong><\/p>\n<p align=\"justify\">Le brevet reconna\u00eet\u00a0et certifie les comp\u00e9tences de son titulaire \u00e0 d\u00e9velopper de la vie associative et animer en s\u00e9curit\u00e9 une activit\u00e9 en privil\u00e9giant le partage de savoirs, la sant\u00e9, la progression, l&rsquo;autonomie et la responsabilisation des pratiquants.<\/p>\n<p align=\"justify\">Les comp\u00e9tences recherch\u00e9es sont r\u00e9parties en deux \u00ab\u00a0unit\u00e9s de comp\u00e9tences\u00a0\u00bb (UC) d\u00e9termin\u00e9es par le \u00ab\u00a0r\u00e9f\u00e9rentiel de certification\u00a0\u00bb commun \u00e0 toutes les sp\u00e9cialit\u00e9s. Celui-ci d\u00e9finit les objectifs terminaux des apprentissages.<\/p>\n<div align=\"justify\">\n<hr id=\"system-readmore\" \/>\n<\/div>\n<ul>\n<li>\n<div align=\"justify\">l&rsquo;<span style=\"color: #379ddf;\">UC1<\/span> fait r\u00e9f\u00e9rence \u00e0 des <span style=\"color: #379ddf;\">connaissances<\/span> et\u00a0<span style=\"color: #379ddf;\">savoir-faire<\/span> consid\u00e9r\u00e9s comme <span style=\"color: #379ddf;\">communs \u00e0 toutes les disciplines<\/span> et qui peuvent facilement \u00eatre r\u00e9investis dans une autre discipline. L&rsquo;ensemble de ces connaissances est recens\u00e9 dans le <span style=\"color: #379ddf;\">\u00ab\u00a0Guide des connaissances g\u00e9n\u00e9rales\u00a0\u00bb<\/span>.<\/div>\n<\/li>\n<li>\n<div align=\"justify\">l&rsquo;UC2 fait r\u00e9f\u00e9rence \u00e0 des connaissances et savoir-faire sp\u00e9cifiques \u00e0 l&rsquo;activit\u00e9. L&rsquo;ensemble de ces connaissances est recens\u00e9 dans le \u00ab\u00a0Guide de sp\u00e9cialit\u00e9\u00a0\u00bb.<\/div>\n<\/li>\n<\/ul>\n<p align=\"justify\">Ces guides sont organis\u00e9s en grandes th\u00e9matiques appel\u00e9es \u00ab\u00a0Unit\u00e9s de Formation\u00a0\u00bb (UF).<\/p>\n<p align=\"justify\">Chaque fois que possible, <span style=\"color: #379ddf;\">la formation par l&rsquo;exp\u00e9rience tutor\u00e9e doit \u00eatre pr\u00e9f\u00e9r\u00e9e<\/span>. L&rsquo;accompagnement du stagiaire par un tuteur am\u00e9liore la qualit\u00e9 de la formation car\u00a0il permet une mise en\u00a0pratique accompagn\u00e9e au sein m\u00eame du club de pratique.<\/p>\n<p align=\"justify\">Pour plus de renseignements t\u00e9l\u00e9chargez la brochure <a title=\"Dossier de formation\" href=\"http:\/\/www.fsgt65.org\/.%5Cimages%5Cboite_a_outils%5Cformation%5CdossierFormation.pdf\" target=\"_blank\">\u00ab\u00a0Se former et se qualifier avec la FSGT\u00a0\u00bb<\/a>.<\/p>\n<p align=\"justify\"><strong>Le Dipl\u00f4me Omnisports de Qualification du B\u00e9n\u00e9volat<\/strong><\/p>\n<p align=\"justify\">Le <span style=\"color: #379ddf;\">Dipl\u00f4me F\u00e9d\u00e9ral Omnisports de Qualification du B\u00e9n\u00e9volat<\/span> compl\u00e8te le livret. Il est obtenu \u00e0 l&rsquo;issue de <span style=\"color: #379ddf;\">cinq ann\u00e9es d&rsquo;exp\u00e9rience d&rsquo;animation<\/span>, ou plus rapidement s&rsquo;il est enrichi par des formations. Il atteste la capacit\u00e9 de son titulaire \u00e0 animer des activit\u00e9s telles que sp\u00e9cifi\u00e9es dans le livret, dans une perspective omnisports, et de la capacit\u00e9 \u00e0 assumer\u00a0des responsabilit\u00e9s dans le cadre de la vie associative.<\/p>\n<hr id=\"system-readmore\" \/>\n<p align=\"justify\">Il ouvre la possibilit\u00e9 de qualifier ses comp\u00e9tences \u00e0 partir de l&rsquo;exp\u00e9rience p\u00e9dagogique telle que sp\u00e9cifi\u00e9e dans le livret f\u00e9d\u00e9ral d&rsquo;animation. Il invite \u00e0 la possibilit\u00e9 de continuer \u00e0 se former et d&rsquo;\u00eatre soutenu par un r\u00e9seau de formateurs et de formations.<\/p>\n<p align=\"justify\">La validation du dipl\u00f4me omnisports s&rsquo;op\u00e8re par la mise en place de commissions d&rsquo;\u00e9tudes aux niveaux d\u00e9partemental, r\u00e9gional et f\u00e9d\u00e9ral puis par une commission de validation, qui confronte les points de vue : clubs, comit\u00e9, f\u00e9d\u00e9ration.<\/p>\n<p align=\"justify\">Trois types de crit\u00e8res sont pris en compte :<\/p>\n<ol>\n<li>\n<div align=\"justify\"><span style=\"color: #379ddf;\">l&rsquo;exp\u00e9rience d&rsquo;animation et de formation<\/span>, soit cinq ann\u00e9es d&rsquo;animation repr\u00e9sentant environ <span style=\"color: #379ddf;\">500 heures d&rsquo;animation<\/span> (les stages de formation sont pris en compte).<\/div>\n<\/li>\n<li>\n<div align=\"justify\">Le <span style=\"color: #379ddf;\">contenu omnisports de l&rsquo;activit\u00e9 d\u00e9ploy\u00e9e<\/span> en particulier les interventions aupr\u00e8s d&rsquo;une diversit\u00e9 de publics (ex : enfants et adultes).<\/div>\n<\/li>\n<li>\n<div align=\"justify\"><span style=\"color: #379ddf;\">L&rsquo;exp\u00e9rience dans plusieurs activit\u00e9s<\/span><span style=\"color: #000000;\">.<\/span><\/div>\n<\/li>\n<\/ol>\n<p><span style=\"color: #000000;\"><span style=\"color: #000000;\"><img decoding=\"async\" title=\"Livret f\u00e9d\u00e9ral de l'animation\" src=\"http:\/\/www.fsgt65.org\/images\/stories\/formation\/livret-federal.jpg\" alt=\"Livret f\u00e9d\u00e9ral de l'animation\" align=\"left\" border=\"0\" hspace=\"10\" vspace=\"0\" \/>Le <strong>Livret F\u00e9d\u00e9ral de l&rsquo;Animation<\/strong>est le premier processus de reconnaissance des animateurs FSGT. Passeport de l&rsquo;animateur, il permet d&rsquo;identifier, par un syst\u00e8me de fiches, l&rsquo;activit\u00e9 d&rsquo;animation (exp\u00e9rience) et les formations de son titulaire. Cet outil d\u00e9livr\u00e9 \u00e0 l&rsquo;issue d&rsquo;une saison reconna\u00eet la capacit\u00e9 \u00e0 animer de fa\u00e7on autonome les activit\u00e9s sportives. Assorti d&rsquo;une carte d&rsquo;animateur, ce livret est \u00e0 compl\u00e9ter \u00e0 l&rsquo;issue de chaque nouvelle exp\u00e9rience d&rsquo;animation, de formation et de responsabilisation. Il est la base indispensable \u00e0 l&rsquo;accessibilit\u00e9 au Dipl\u00f4me Omnisports de Qualification du B\u00e9n\u00e9volat.<\/span><\/span><\/p>\n<div align=\"justify\">Le <strong>Livret F\u00e9d\u00e9ral de l&rsquo;Animation<\/strong> est rempli par l&rsquo;animateur. Il doit \u00eatre valid\u00e9 :<\/div>\n<p>&nbsp;<\/p>\n<ul>\n<li>\n<div align=\"justify\">par le pr\u00e9sident (responsabilit\u00e9 juridique)<\/div>\n<\/li>\n<li>\n<div align=\"justify\">puis envoy\u00e9 au Comit\u00e9 D\u00e9partemental pour validation de l&rsquo;ensemble (responsabilit\u00e9 associative)<\/div>\n<\/li>\n<li>\n<div align=\"justify\">puis au niveau f\u00e9d\u00e9ral pour validation de l&rsquo;ensemble des crit\u00e8res et enregistrement dans le fichier f\u00e9d\u00e9ral (responsabilit\u00e9 f\u00e9d\u00e9rale).<\/div>\n<\/li>\n<\/ul>\n<p>&nbsp;<\/p>\n<p align=\"justify\">A l&rsquo;issue de ce parcours, le livret est retourn\u00e9 \u00e0 son titulaire qui le conservera. Chaque ann\u00e9e le titulaire doit l&rsquo;actualiser \u00e0 l&rsquo;aide de fiches vierges.<\/p>\n<p>&nbsp;<\/p>\n<p align=\"justify\">Le Livret F\u00e9d\u00e9ral de l&rsquo;Animation est compos\u00e9 de six fiches et a pour but de retracer le parcours de l&rsquo;animateur :<\/p>\n<p>&nbsp;<\/p>\n<ol>\n<li>La <strong>Fiche animateur<\/strong> atteste que l&rsquo;animateur assume une responsabilit\u00e9 d&rsquo;animation sportive, elle consigne le type d&rsquo;activit\u00e9 et le public, elle recense le nombre d&rsquo;heures d&rsquo;animation sur la saison sportive. Chaque fiche correspond \u00e0 une ann\u00e9e d&rsquo;animation. La validation de la <strong>fiche animateur<\/strong> permet d&rsquo;obtenir la carte d&rsquo;animateur f\u00e9d\u00e9ral.<\/li>\n<li>La <strong>Fiche formateur<\/strong> est remplie par le responsable de formation. Elle certifie la responsabilit\u00e9 en tant que formateur lors d&rsquo;une session de formation (stage, formation sur le tas).<\/li>\n<li>La <strong>Fiche organisation<\/strong> atteste le niveau d&rsquo;implication de l&rsquo;animateur dans la vie associative. Cela peut \u00eatre dans la section, le club, une commission d\u00e9partementale, une commission f\u00e9d\u00e9rale.<\/li>\n<li>La <strong>Fiche pratique des activit\u00e9s physiques et sportives<\/strong> a pour but de conna\u00eetre le parcours sportif de l&rsquo;animateur.<\/li>\n<li>La <strong>Fiche formation FSGT<\/strong> est \u00e0 remplir \u00e0 l&rsquo;issue d&rsquo;une formation FSGT : stage, journ\u00e9e th\u00e9matique, formation sur le tas.<\/li>\n<li>La <strong>Fiche formation hors FSGT<\/strong> est \u00e0 remplir \u00e0 l&rsquo;issue d&rsquo;une formation hors FSGT (BAFA, BEATEP, AFPS, etc.). Cette fiche peut attester ainsi, la qualification et le dipl\u00f4me obtenu.<\/li>\n<\/ol>\n","protected":false},"excerpt":{"rendered":"<p>1. La FSGT reconna\u00eet et fait la promotion des formations acquises par l&rsquo;exp\u00e9rience dans le cadre de l&rsquo;exercice b\u00e9n\u00e9vole d&rsquo;une activit\u00e9 d&rsquo;animation. 2. La FSGT organise des cursus de formation <a class=\"more-link\" href=\"https:\/\/www.fsgt65.org\/?page_id=192\">Lire la suite \u2192<\/a><\/p>\n","protected":false},"author":4,"featured_media":0,"parent":20,"menu_order":0,"comment_status":"closed","ping_status":"closed","template":"","meta":{"ngg_post_thumbnail":0},"_links":{"self":[{"href":"https:\/\/www.fsgt65.org\/index.php?rest_route=\/wp\/v2\/pages\/192"}],"collection":[{"href":"https:\/\/www.fsgt65.org\/index.php?rest_route=\/wp\/v2\/pages"}],"about":[{"href":"https:\/\/www.fsgt65.org\/index.php?rest_route=\/wp\/v2\/types\/page"}],"author":[{"embeddable":true,"href":"https:\/\/www.fsgt65.org\/index.php?rest_route=\/wp\/v2\/users\/4"}],"replies":[{"embeddable":true,"href":"https:\/\/www.fsgt65.org\/index.php?rest_route=%2Fwp%2Fv2%2Fcomments&post=192"}],"version-history":[{"count":0,"href":"https:\/\/www.fsgt65.org\/index.php?rest_route=\/wp\/v2\/pages\/192\/revisions"}],"up":[{"embeddable":true,"href":"https:\/\/www.fsgt65.org\/index.php?rest_route=\/wp\/v2\/pages\/20"}],"wp:attachment":[{"href":"https:\/\/www.fsgt65.org\/index.php?rest_route=%2Fwp%2Fv2%2Fmedia&parent=192"}],"curies":[{"name":"wp","href":"https:\/\/api.w.org\/{rel}","templated":true}]}}