{"id":454,"date":"2012-12-11T11:20:20","date_gmt":"2012-12-11T10:20:20","guid":{"rendered":"http:\/\/www.fsgt65.org\/?page_id=454"},"modified":"2020-01-30T20:05:44","modified_gmt":"2020-01-30T20:05:44","slug":"accueil-comite","status":"publish","type":"page","link":"https:\/\/www.fsgt65.org\/?page_id=454","title":{"rendered":"Accueil Comit\u00e9"},"content":{"rendered":"<p align=\"justify\">Nous&nbsp;&nbsp;sommes ravis que votre chemin ait crois\u00e9 nos pages Internet. Ici, vous pourrez en savoir plus sur nos activit\u00e9s et nos clubs.<em><strong><br \/>\n<\/strong><\/em><em><strong><br \/>\nVous d\u00e9couvrirez, toutes les informations utiles pour conna\u00eetre la FSGT, son fonctionnement, les activit\u00e9s qu&rsquo;elle propose et les clubs associ\u00e9s. Les clubs verront dans ce site un moyen d&rsquo;informer les adh\u00e9rents de leurs \u00e9v\u00e8nements sportifs.<\/strong><\/em><\/p>\n<p>N&rsquo;oubliez pas la<a title=\"boite \u00e0 outils\" href=\"http:\/\/www.fsgt65.org\/?page_id=167\"> bo\u00eete \u00e0 outils,<\/a> elle vous sera utile dans vos d\u00e9marches. N&rsquo;h\u00e9sitez pas \u00e0 nous contacter, pour faire reconna\u00eetre et progresser les pratiques du sport loisir. Faites-nous part de vos organisations FSGT, nous les publierons sur le site Internet. Vous contribuerez \u00e0 la vie du site !<\/p>\n<p><em><strong>Une pratique sportive adapt\u00e9e \u00e0 tous<\/strong><\/em><\/p>\n<p><strong>Savez-vous qu&rsquo;il vous est possible de pratiquer d&rsquo;autres sports avec votre licence<\/strong><\/p>\n","protected":false},"excerpt":{"rendered":"<p>Nous&nbsp;&nbsp;sommes ravis que votre chemin ait crois\u00e9 nos pages Internet. Ici, vous pourrez en savoir plus sur nos activit\u00e9s et nos clubs. Vous d\u00e9couvrirez, toutes les informations utiles pour conna\u00eetre <a class=\"more-link\" href=\"https:\/\/www.fsgt65.org\/?page_id=454\">Lire la suite \u2192<\/a><\/p>\n","protected":false},"author":4,"featured_media":0,"parent":0,"menu_order":0,"comment_status":"closed","ping_status":"closed","template":"","meta":{"ngg_post_thumbnail":0},"_links":{"self":[{"href":"https:\/\/www.fsgt65.org\/index.php?rest_route=\/wp\/v2\/pages\/454"}],"collection":[{"href":"https:\/\/www.fsgt65.org\/index.php?rest_route=\/wp\/v2\/pages"}],"about":[{"href":"https:\/\/www.fsgt65.org\/index.php?rest_route=\/wp\/v2\/types\/page"}],"author":[{"embeddable":true,"href":"https:\/\/www.fsgt65.org\/index.php?rest_route=\/wp\/v2\/users\/4"}],"replies":[{"embeddable":true,"href":"https:\/\/www.fsgt65.org\/index.php?rest_route=%2Fwp%2Fv2%2Fcomments&post=454"}],"version-history":[{"count":46,"href":"https:\/\/www.fsgt65.org\/index.php?rest_route=\/wp\/v2\/pages\/454\/revisions"}],"predecessor-version":[{"id":2610,"href":"https:\/\/www.fsgt65.org\/index.php?rest_route=\/wp\/v2\/pages\/454\/revisions\/2610"}],"wp:attachment":[{"href":"https:\/\/www.fsgt65.org\/index.php?rest_route=%2Fwp%2Fv2%2Fmedia&parent=454"}],"curies":[{"name":"wp","href":"https:\/\/api.w.org\/{rel}","templated":true}]}}