{"id":87,"date":"2012-11-11T12:26:22","date_gmt":"2012-11-11T12:26:22","guid":{"rendered":"http:\/\/www.adishat.fr\/maquettecdfsgt65\/?page_id=87"},"modified":"2012-12-20T21:09:32","modified_gmt":"2012-12-20T20:09:32","slug":"historique","status":"publish","type":"page","link":"https:\/\/www.fsgt65.org\/?page_id=87","title":{"rendered":"Un peu d&rsquo;histoire"},"content":{"rendered":"<h1 align=\"justify\">La FSGT<\/h1>\n<p align=\"justify\"><div class=\"su-spoiler su-spoiler-style-default su-spoiler-icon-plus su-spoiler-closed\" data-scroll-offset=\"0\" data-anchor-in-url=\"no\"><div class=\"su-spoiler-title\" tabindex=\"0\" role=\"button\"><span class=\"su-spoiler-icon\"><\/span>En savoir plus<\/div><div class=\"su-spoiler-content su-u-clearfix su-u-trim\"><\/p>\n<p align=\"justify\">La F\u00e9d\u00e9ration Sportive &amp; Gymnique du Travail (FSGT), f\u00e9d\u00e9ration sportive <strong>cr\u00e9\u00e9e en 1934<\/strong>, d\u00e9veloppe depuis son origine <strong>le sport pour tous<\/strong>.<\/p>\n<p align=\"justify\">Celle-ci\u00a0remonte \u00e0 la cr\u00e9ation des premiers clubs ouvriers en 1906-1907, \u00e9poque o\u00f9 l\u2019ont voit na\u00eetre les r\u00e9volutions sociales du 20<sup>\u00e8me<\/sup> si\u00e8cle.\u00a0La FSGT\u00a0prend vie dans ses formes actuelles le 24 d\u00e9cembre 1934 avec l\u2019union des deux organisations sportives ouvri\u00e8res existantes (la FST et l\u2019USSGT). Ouverte aux milieux populaires, coop\u00e9rant avec les organisations politiques et syndicales du Front Populaire, elle participe au mouvement de d\u00e9mocratisation des activit\u00e9s physiques et sportives.<\/p>\n<p align=\"justify\"><\/div><\/div><\/p>\n<h1 align=\"justify\">La gymnastique artistique<\/h1>\n<p align=\"justify\"><div class=\"su-spoiler su-spoiler-style-default su-spoiler-icon-plus su-spoiler-closed\" data-scroll-offset=\"0\" data-anchor-in-url=\"no\"><div class=\"su-spoiler-title\" tabindex=\"0\" role=\"button\"><span class=\"su-spoiler-icon\"><\/span>En savoir plus<\/div><div class=\"su-spoiler-content su-u-clearfix su-u-trim\"><\/p>\n<p align=\"justify\">La gymnastique artistique appara\u00eet\u00a0dans l&rsquo;Antiquit\u00e9. Apr\u00e8s \u00eatre tomb\u00e9e dans l&rsquo;oubli, elle est remise au go\u00fbt du jour par les Humanistes de la Renaissance.<br \/>\nLes agr\u00e8s sont instaur\u00e9s d\u00e8s le XVIIIe si\u00e8cle sous l&rsquo;impulsion des Allemands, des Danois et des Su\u00e9dois.<br \/>\nJusqu&rsquo;\u00e0 la fin du XIXe si\u00e8cle, cette discipline sportive est exclusivement r\u00e9serv\u00e9e aux hommes. La version f\u00e9minine de la gymnastique\u00a0artistique sera d\u00e9velopp\u00e9e en suivant.<\/p>\n<div align=\"justify\">La gymnastique artistique est pr\u00e9sente au programme olympique d\u00e8s 1896 et les premi\u00e8res \u00e9preuves olympiques f\u00e9minines se tiennent en 1928 \u00e0 Amsterdam.<\/div>\n<p align=\"justify\">En 1936, les barres parall\u00e8les sont d\u00e9finitivement remplac\u00e9es par les barres asym\u00e9triques dans le programme f\u00e9minin. La largeur de la poutre est fix\u00e9e \u00e0 10 cm \u00e0 l&rsquo;occasion des Jeux Olympiques de Londres en 1948. La musique accompagne les d\u00e9monstrations au sol depuis 1958.<\/p>\n<p align=\"justify\">Les \u00e9preuves masculines comprenaient jusqu&rsquo;en 1954 un ensemble combinant gymnastique et athl\u00e9tisme, qui se d\u00e9tache de la gymnastique artistique pour former la gymnastique dite rythmique.<\/p>\n<p align=\"justify\"><\/div><\/div><\/p>\n<h1 align=\"justify\">La gymnastique rythmique<\/h1>\n<p align=\"justify\"><div class=\"su-spoiler su-spoiler-style-default su-spoiler-icon-plus su-spoiler-closed\" data-scroll-offset=\"0\" data-anchor-in-url=\"no\"><div class=\"su-spoiler-title\" tabindex=\"0\" role=\"button\"><span class=\"su-spoiler-icon\"><\/span>En savoir plus<\/div><div class=\"su-spoiler-content su-u-clearfix su-u-trim\"><\/p>\n<p align=\"justify\">C&rsquo;est dans les ann\u00e9es 1940, au sein des clubs de gymnastique artistique\u00a0de l&rsquo;ex-URSS, que la gymnatique rythmique voit le jour.<\/p>\n<p align=\"justify\">En 1948, le premier championnat national sovi\u00e9tique est organis\u00e9 \u00e0 Moscou, tr\u00e8s vite imit\u00e9 par d&rsquo;autres nations europ\u00e9ennes.<\/p>\n<p align=\"justify\">Par la suite, la Bulgarie sera \u00e0 l&rsquo;initiative des premi\u00e8res rencontres internationales de 1961. Un an plus tard, la f\u00e9d\u00e9ration de gymnastique homologue officiellement la GRS en tant que sport de comp\u00e9tition f\u00e9minin.<\/p>\n<div align=\"justify\">En 1963, les premiers championnats du monde de \u00ab\u00a0Gymnastique Moderne\u00a0\u00bb attirent \u00e0 Budapest 28 athl\u00e8tes repr\u00e9sentant une dizaine de pays \u00e0 travers le monde. La sovi\u00e9tique Ludmila Szavinkova devient la premi\u00e8re championne du monde de la discipline.<\/div>\n<p align=\"justify\">L&rsquo;Europe attendra 1968 pour voir ses premiers championnats se d\u00e9rouler \u00e0 Madrid<\/p>\n<p align=\"justify\">En 1983, la France accueille \u00e0 son tour, pour la premi\u00e8re fois les championnats du monde \u00e0 Strasbourg.<\/p>\n<p align=\"justify\">La discipline devient olympique l&rsquo;ann\u00e9e suivante lors des JO de 1984. Elle l&rsquo;est devenue pour les ensembles, aux JO de 1996.<\/p>\n<p align=\"justify\"><\/div><\/div><\/p>\n<h1 align=\"justify\">Le Hockey<\/h1>\n<p align=\"justify\"><div class=\"su-spoiler su-spoiler-style-default su-spoiler-icon-plus su-spoiler-closed\" data-scroll-offset=\"0\" data-anchor-in-url=\"no\"><div class=\"su-spoiler-title\" tabindex=\"0\" role=\"button\"><span class=\"su-spoiler-icon\"><\/span>En savoir plus<\/div><div class=\"su-spoiler-content su-u-clearfix su-u-trim\"><\/p>\n<p>L&rsquo;utilisation du mot \u00ab\u00a0hockey\u00a0\u00bb pour d\u00e9signer les jeux de crosses (les joueurs disposent de b\u00e2tons et d&rsquo;une balle pour jouer) remonte \u00e0 l&rsquo;ann\u00e9e 1875. Si l&rsquo;on a pu en dater la naissance, son \u00e9tymologie est des plus incertaines. Il d\u00e9rive peut-\u00eatre du vieux fran\u00e7ais avec le mot \u00ab\u00a0hoquet\u00a0\u00bb &#8211; b\u00e2ton de berger, crochet &#8211;\u00a0ou du mot \u00ab\u00a0hokkie\u00a0\u00bb hollandais, diminutif de \u00ab\u00a0hok\u00a0\u00bb &#8211; chenil ou cabane, d\u00e9signant dans ce cas l\u00e0 les cages de but. Ces jeux furent d\u00e9velopp\u00e9s pour les champs mais aussi pour les \u00e9tendues de glace.<\/p>\n<div align=\"justify\">Le d\u00e9veloppement du jeu moderne eut lieu \u00e0 Montr\u00e9al :\u00a0le 3 mars 1875 fut jou\u00e9 le premier match codifi\u00e9 au Victoria Skating rink de Montr\u00e9al.<\/div>\n<p align=\"justify\">En 1877, des \u00e9tudiants de l&rsquo;universit\u00e9 McGill (James Creighton, Henry Joseph, Richard F. Smith, W. F. Robertson et W. L. Murray) r\u00e9dig\u00e8rent 7 r\u00e8gles et le premier club, le McGill University Hockey Club, fut fond\u00e9 en 1880.<\/p>\n<p align=\"justify\">En 1893, des joueurs de Winnipeg eurent l&rsquo;id\u00e9e d&rsquo;utiliser des \u00e9quipements de cricket pour prot\u00e9ger les jambes des gardiens. Cette m\u00eame ann\u00e9e, se d\u00e9roula le premier match de hockey\u00a0aux Etats-Unis entre l&rsquo;universit\u00e9 de Yale et l&rsquo;universit\u00e9 Johns-Hopkins. La ligue amateur de hockey fut fond\u00e9e en 1896 \u00e0 New-York et la premi\u00e8re \u00e9quipeprofessionnelles, les Portage Lakers, fut cr\u00e9\u00e9e en 1903 \u00e0 Hougton dans le Michigan. C&rsquo;est le d\u00e9but d&rsquo;un sport largement pl\u00e9biscit\u00e9 dans le monde entier.<\/p>\n<p align=\"justify\"><\/div><\/div><\/p>\n<h1 align=\"justify\">Le Judo<\/h1>\n<p align=\"justify\"><div class=\"su-spoiler su-spoiler-style-default su-spoiler-icon-plus su-spoiler-closed\" data-scroll-offset=\"0\" data-anchor-in-url=\"no\"><div class=\"su-spoiler-title\" tabindex=\"0\" role=\"button\"><span class=\"su-spoiler-icon\"><\/span>En savoir plus<\/div><div class=\"su-spoiler-content su-u-clearfix su-u-trim\"><\/p>\n<p>Le souhait premier de <em>J<strong>igoro Kano<\/strong><\/em>, le fondateur du judo, \u00e9tait de d\u00e9velopper une m\u00e9thode veillant \u00e0 mieux <strong>utiliser les ressources physiques et mentales de l&rsquo;homme<\/strong>. Cette m\u00e9thode a pris pour point de d\u00e9part le <em>ju-jitsu<\/em> des \u00e9coles<em> tenshin shinyo ryu<\/em> et <em>kito ryu<\/em> que Jigoro Kano avait pratiqu\u00e9 6 ann\u00e9es durant. Ce dernier a aussi cr\u00e9\u00e9e le judo en r\u00e9action au ju-jitsu, dont il jugeait les techniques parfois dangereuses et son enseignement m\u00e9diocre.<\/p>\n<p align=\"justify\">La l\u00e9gende dit qu&rsquo;il d\u00e9couvrit les principes du judo lors d&rsquo;un hiver rigoureux. Il avait alors<img decoding=\"async\" title=\"Fleurs de cerisier\" alt=\"Fleurs de cerisier\" src=\"http:\/\/www.fsgt65.org\/images\/stories\/Activites\/judo\/fleurs-cersisier.jpg\" align=\"right\" border=\"0\" hspace=\"10\" vspace=\"5\" \/> remarqu\u00e9 que les branches du cerisier r\u00e9agissait diff\u00e9remment sous le poids de la neige abondante. Les plus grosses cassaient alors que les plus souples pliaient et se d\u00e9barrassaient de \u00ab\u00a0l&rsquo;agresseur\u00a0\u00bb avec souplesse. La voie de la souplesse \u00e9tait n\u00e9e.<\/p>\n<p align=\"justify\">Le judo commence \u00e0 \u00eatre enseign\u00e9 au Japon en 1882 au Kodokan. En France, il f\u00fbt enseign\u00e9 par les ma\u00eetres Mikinosuke Kawaishi et Shozo Awazu.<\/p>\n<p align=\"justify\"><strong>Le judo est l&rsquo;art martial le plus pratiqu\u00e9 en France<\/strong>, devant le karat\u00e9 et l&rsquo;a\u00efkido. Il est le quatri\u00e8me sport le plus pratiqu\u00e9 en France en 2007. Il est devenu officiellement <strong>discipline olympique<\/strong> lors des Jeux de T\u00f4kyo en <strong>1964<\/strong>. <strong>Le judo f\u00e9minin<\/strong> a fait son entr\u00e9e dans le programme olympique aux Jeux de S\u00e9oul en 1988 comme sport de d\u00e9monstration, avant d&rsquo;\u00eatre <strong>d\u00e9finitivement accept\u00e9 \u00e0 partir des Jeux Olympiques de Barcelonne en 1992<\/strong>.<\/p>\n<p align=\"justify\"><\/div><\/div><\/p>\n<h1 align=\"justify\">Le patinage artistique<\/h1>\n<p align=\"justify\"><div class=\"su-spoiler su-spoiler-style-default su-spoiler-icon-plus su-spoiler-closed\" data-scroll-offset=\"0\" data-anchor-in-url=\"no\"><div class=\"su-spoiler-title\" tabindex=\"0\" role=\"button\"><span class=\"su-spoiler-icon\"><\/span>En savoir plus<\/div><div class=\"su-spoiler-content su-u-clearfix su-u-trim\"><\/p>\n<p align=\"justify\">Les premiers patins \u00e0 glace sont constitu\u00e9s d&rsquo;os amincis et polis, utilis\u00e9s comme moyen de locomotion. Apparaissent ensuite les premi\u00e8res lames en acier permettant au patinage\u00a0de devenir un v\u00e9ritable divertissement.<\/p>\n<p align=\"justify\"><strong>1813<\/strong><br \/>\nPublication \u00e0 Paris de l&rsquo;ouvrage de Jean Garcin\u00a0: \u00ab\u00a0Le vrai patineur ou les principes sur l&rsquo;art de patiner avec gr\u00e2ce.\u00a0\u00bb qui pose les bases du patinage dit \u00ab\u00a0artistique\u00a0\u00bb.<\/p>\n<p align=\"justify\"><strong>1882<\/strong><\/p>\n<p>A l&rsquo;occasion de la premi\u00e8re comp\u00e9tition de patinage artistique \u00e0 Vienne, le patineur norv\u00e9gien<strong> Axel Paulsen<\/strong> invente la figure appel\u00e9e <strong>\u00ab\u00a0Axel\u00a0\u00bb<\/strong>.<\/p>\n<p><strong>1891<br \/>\n<\/strong>Premi\u00e8re \u00e9dition des championnats d&rsquo;Europe de patinage artistique et de patinage de vitesse \u00e0 Hambourg.<\/p>\n<p align=\"justify\"><strong>9-10 f\u00e9vrier 1896<br \/>\n<\/strong>Premi\u00e8re \u00e9dition de patinage artistique \u00e0 Saint-P\u00e9tersbourg.<\/p>\n<p align=\"justify\"><strong>1898<br \/>\n<\/strong>Le su\u00e9dois Ulrich Salchow reste dans les m\u00e9moires en passant sa figure, le \u00ab\u00a0Salchow\u00a0\u00bb.<\/p>\n<p align=\"justify\"><strong>1906<\/strong><br \/>\nLes femmes entrent en comp\u00e9tition.<\/p>\n<p align=\"justify\"><strong>1908<br \/>\n<\/strong>Les couples apparaissent en comp\u00e9tition \u00e0 l&rsquo;occasion des d\u00e9buts olympiques du patinage artistique.<\/p>\n<p align=\"justify\"><\/div><\/div><\/p>\n<h1 align=\"justify\">Le ski alpin<\/h1>\n<p align=\"justify\"><div class=\"su-spoiler su-spoiler-style-default su-spoiler-icon-plus su-spoiler-closed\" data-scroll-offset=\"0\" data-anchor-in-url=\"no\"><div class=\"su-spoiler-title\" tabindex=\"0\" role=\"button\"><span class=\"su-spoiler-icon\"><\/span>En savoir plus<\/div><div class=\"su-spoiler-content su-u-clearfix su-u-trim\"><\/p>\n<p><em><strong>Une invention anglaise&#8230;<\/strong><\/em><\/p>\n<p>Le principe de gravir un sommet pour le descendre \u00e0 ski le plus rapidement possible a \u00e9t\u00e9 invent\u00e9 plusieurs fois de mani\u00e8re ind\u00e9pendante :<\/p>\n<ul>\n<li>La premi\u00e8re descente est organis\u00e9e en Californie, \u00e0 La Porte en 1866 par des chercheurs d&rsquo;or \u00e9migr\u00e9s pour la plupart de Norv\u00e8ge<\/li>\n<li>En 1906, les Autrichiens organisent la descente du Horn<\/li>\n<li>En 1911, les anglais partent en ligne du sommet du Wildstrubel \u00e0 Montana en Suisse.<\/li>\n<\/ul>\n<p>Cependant, le ski alpin est organis\u00e9 comme un v\u00e9ritable sport par un anglais, Arnold Lunn. Ce dernier fait de premiers essais\u00a0en 1897 \u00e0 Chamonix alors qu&rsquo;il n&rsquo;a que\u00a0dix ans.<\/p>\n<p>E. C. Richardson, le \u00ab\u00a0p\u00e8re du ski britannique\u00a0\u00bb, fonde en 1903 le Ski Club of Great-Britain qui initie les \u00e9l\u00e8ves des public schools britanniques aux sports d&rsquo;hiver dans les Alpes. Le skialpin est d\u00e9j\u00e0 au programme.<\/p>\n<p>La Roberts of Kanadahar Challenge Cup est une comp\u00e9tition de ski alpin mise en place en 1903. Dans la grande tradition britannique, ces \u00e9preuves sont r\u00e9serv\u00e9es aux seuls britanniques. Ainsi, d\u00e8s apr\u00e8s la Grande Guerre, Lunn met en place dans les Alpes\u00a0les premiers championnats britanniques de ski alpin, sous le regard incr\u00e9dule des autochtones.<\/p>\n<p>Il faudra attendre 1929 pour assister aux premiers championnats d&rsquo;Autriche, 1930 pour la Suisse et 1931 pour la France. Toutes ces dates concernent jusque l\u00e0 exclusivement la descente. Le premier slalom est disput\u00e9 le 21 janvier 1922 \u00e0 M\u00fcrren. C&rsquo;est alors plus une \u00e9preuve de style que de vitesse.<\/p>\n<p><em><strong>La difficile reconnaissance du ski alpin&#8230;<\/strong><\/em><\/p>\n<p>En 1924 sont cr\u00e9\u00e9es la F\u00e9d\u00e9ration Internationale de Ski (FIS) et la F\u00e9d\u00e9ration Fran\u00e7aise de Ski (FFS), ann\u00e9e o\u00f9 sont organis\u00e9s les premiers Jeux Olympiques d&rsquo;hiver \u00e0 Chamonix. Toute fois, ces organismes ne reconnaissent pas le ski alpin et le terme de \u00ab\u00a0ski\u00a0\u00bb est r\u00e9serv\u00e9 exclusivement pour d\u00e9signer le ski nordique<\/p>\n<p>L&rsquo;Anglais Arnold Lunn pr\u00e9sente au congr\u00e8s de la FIS \u00e0 Saint-Moritz en 1928, un projet d&rsquo;int\u00e9gration du ski alpin, encore tr\u00e8s largement inconnu dans les milieux sportifs. Cette motion est repouss\u00e9e\u00a0en raison d&rsquo;une opposition cat\u00e9gorique des pays nordiques. Lunn ne se d\u00e9courage pas et pr\u00e9sente une nouvelle demande en 1930 \u00e0 Oslo. Les pays nordiques se montrent moins cat\u00e9goriques et autorisent la cr\u00e9ation de comp\u00e9titions tests, mais sont toujours hostiles \u00e0 l&rsquo;int\u00e9gration du ski alpin au programme olympique. Lunn peut ainsi organiser la premi\u00e8re \u00e9dition du championnat du monde \u00e0 M\u00fcrren en 1931 avec l&rsquo;accord de la FIS. Le CIO suit\u00a0et\u00a0int\u00e8gre finalement le ski alpin aux Jeux Olympiques de Garmisch-Partenkirchen en 1936.<\/p>\n<p align=\"justify\"><\/div><\/div><\/p>\n<h1 align=\"justify\">Le Tennis de Table<\/h1>\n<p align=\"justify\"><div class=\"su-spoiler su-spoiler-style-default su-spoiler-icon-plus su-spoiler-closed\" data-scroll-offset=\"0\" data-anchor-in-url=\"no\"><div class=\"su-spoiler-title\" tabindex=\"0\" role=\"button\"><span class=\"su-spoiler-icon\"><\/span>En savoir plus<\/div><div class=\"su-spoiler-content su-u-clearfix su-u-trim\"><\/p>\n<p align=\"justify\">Le Tennis de Table trouve ses origines dans l&rsquo;Angleterre de la fin du XIX\u00e8me si\u00e8cle. Les premiers joueurs, de la bonne soci\u00e9t\u00e9 victorienne, utilisaient les objets qu&rsquo;ils trouvaient dans leur environnement proche : des livres constituaient le filet, un bouchon de champagne la balle et une bo\u00eete de cigarette la raquette.<\/p>\n<p align=\"justify\">Sa popularit\u00e9 grandissante incite des fabriquants de jeux \u00e0 vendre des \u00e9quipements. En 1901,\u00a0James Gibbs, un Anglais passionn\u00e9 par ce sport rapporte d&rsquo;un voyage aux Etats-Unis une balle en cellulo\u00efd, plus l\u00e9g\u00e8re que les balles en caoutchouc utilis\u00e9es pr\u00e9c\u00e9demment. Peu apr\u00e8s, en\u00a01903, Goode am\u00e9liore les raquettes en ajoutant un rev\u00eatement en caoutchouc aux palettes.<\/p>\n<div align=\"justify\">Avec la popularit\u00e9 grandissante du tennis de table, de nombreux tournois sont organis\u00e9s et un championnat du monde officiel a eu lieu en 1902. En 1921, la \u00ab\u00a0Table Tennis Association\u00a0\u00bb est cr\u00e9\u00e9e en Angleterre, suivie par une f\u00e9d\u00e9ration internationale, l&rsquo; \u00ab\u00a0International Table Tennis federation\u00a0\u00bb (ITTF) en 1926. Les premiers Championnats du Monde ont eu lieu \u00e0 Londres en 1926. Le premier Champion du Monde fut le Dr Roland Jacobi (Hongrie).<\/div>\n<p align=\"justify\">Fin 1940 en France, la f\u00e9d\u00e9ration fran\u00e7aise de tennis de table est interdite par le r\u00e9gime de Vichy et est fusionn\u00e9e en 1941 avec celle du tennis.<\/p>\n<p align=\"justify\">Le tennis de table est devenu un sport olympique en 1988 \u00e0 S\u00e9oul.<\/p>\n<p align=\"justify\"><\/div><\/div><\/p>\n","protected":false},"excerpt":{"rendered":"<p>La FSGT La gymnastique artistique La gymnastique rythmique Le Hockey Le Judo Le patinage artistique Le ski alpin Le Tennis de Table<\/p>\n","protected":false},"author":4,"featured_media":0,"parent":0,"menu_order":0,"comment_status":"closed","ping_status":"closed","template":"","meta":{"ngg_post_thumbnail":0},"_links":{"self":[{"href":"https:\/\/www.fsgt65.org\/index.php?rest_route=\/wp\/v2\/pages\/87"}],"collection":[{"href":"https:\/\/www.fsgt65.org\/index.php?rest_route=\/wp\/v2\/pages"}],"about":[{"href":"https:\/\/www.fsgt65.org\/index.php?rest_route=\/wp\/v2\/types\/page"}],"author":[{"embeddable":true,"href":"https:\/\/www.fsgt65.org\/index.php?rest_route=\/wp\/v2\/users\/4"}],"replies":[{"embeddable":true,"href":"https:\/\/www.fsgt65.org\/index.php?rest_route=%2Fwp%2Fv2%2Fcomments&post=87"}],"version-history":[{"count":7,"href":"https:\/\/www.fsgt65.org\/index.php?rest_route=\/wp\/v2\/pages\/87\/revisions"}],"predecessor-version":[{"id":663,"href":"https:\/\/www.fsgt65.org\/index.php?rest_route=\/wp\/v2\/pages\/87\/revisions\/663"}],"wp:attachment":[{"href":"https:\/\/www.fsgt65.org\/index.php?rest_route=%2Fwp%2Fv2%2Fmedia&parent=87"}],"curies":[{"name":"wp","href":"https:\/\/api.w.org\/{rel}","templated":true}]}}